{"id":65,"date":"2026-01-13T16:33:00","date_gmt":"2026-01-13T15:33:00","guid":{"rendered":"https:\/\/certifit.eu\/?page_id=65"},"modified":"2026-04-27T15:19:18","modified_gmt":"2026-04-27T14:19:18","slug":"ueber-uns","status":"publish","type":"page","link":"https:\/\/certifit.eu\/it\/ueber-uns\/","title":{"rendered":"Chi siamo"},"content":{"rendered":"<p data-start=\"28\" data-end=\"217\">Dietro Certifit ci sono <strong data-start=\"52\" data-end=\"70\">Marco e Stefan<\/strong> \u2013 due esperti con un obiettivo comune: accompagnare gli hotel in modo pratico e strutturato nel percorso verso la certificazione di sostenibilit\u00e0.<\/p>\n<p data-start=\"219\" data-end=\"498\">Certifit nasce dall\u2019esperienza che, nella quotidianit\u00e0 alberghiera, la sostenibilit\u00e0 spesso fallisce per mancanza di tempo, risorse e di una struttura chiara. \u00c8 proprio qui che interveniamo: con competenza, pianificazione realistica e una collaborazione stretta con le strutture.<\/p>\n<hr data-start=\"500\" data-end=\"503\">\n<h3 data-start=\"505\" data-end=\"563\">Marco \u2013 Titolare e accompagnamento alla certificazione<\/h3>\n<p data-start=\"565\" data-end=\"1070\"><strong data-start=\"565\" data-end=\"582\">Marco Telfser<\/strong> \u00e8 il titolare di Certifit e affianca gli hotel dal primo check fino alla preparazione dell\u2019audit. Possiede una solida formazione e specializzazione nel campo della sostenibilit\u00e0 e delle certificazioni, tra cui corsi per il <em data-start=\"806\" data-end=\"837\">Nachhaltigkeitslabel S\u00fcdtirol<\/em> e per la certificazione internazionale <em data-start=\"877\" data-end=\"883\">GSTC<\/em>, entrambi conclusi con diploma. Inoltre ha completato il percorso formativo HGV sulla sostenibilit\u00e0, approfondendo ulteriormente le sue competenze nello sviluppo alberghiero sostenibile.<\/p>\n<p data-start=\"1072\" data-end=\"1305\">Grazie alla stretta collaborazione con enti di certificazione ufficiali e auditor, Marco conosce in modo preciso requisiti, procedure e aspettative operative. Porta questo know-how nelle strutture in modo strutturato e comprensibile.<\/p>\n<p data-start=\"1307\" data-end=\"1703\">A livello professionale, Marco vanta anche diversi anni di esperienza nel marketing alberghiero. Come addetto marketing all\u2019interno di una struttura ricettiva ha acquisito preziosi insight su flussi interni, processi decisionali e sfide della gestione quotidiana. In particolare, nel marketing online ha maturato un\u2019esperienza ampia, utile anche per il posizionamento delle strutture sostenibili.<\/p>\n<p data-start=\"1705\" data-end=\"1972\">Completa il profilo la sua attivit\u00e0 come fotografo e videomaker freelance, svolta professionalmente da oltre cinque anni. Questa competenza confluisce, tra l\u2019altro, nella comunicazione visiva, nella documentazione e nella valorizzazione delle misure di sostenibilit\u00e0.<\/p>\n<p data-start=\"1705\" data-end=\"1972\"><img loading=\"lazy\" decoding=\"async\" class=\"alignnone wp-image-399\" src=\"http:\/\/certifit.eu\/wp-content\/uploads\/2026\/01\/Bildschirmfoto-2026-01-26-um-13.52.17-212x300.png\" alt=\"\" width=\"500\" height=\"708\" srcset=\"https:\/\/certifit.eu\/wp-content\/uploads\/2026\/01\/Bildschirmfoto-2026-01-26-um-13.52.17-212x300.png 212w, https:\/\/certifit.eu\/wp-content\/uploads\/2026\/01\/Bildschirmfoto-2026-01-26-um-13.52.17-723x1024.png 723w, https:\/\/certifit.eu\/wp-content\/uploads\/2026\/01\/Bildschirmfoto-2026-01-26-um-13.52.17-768x1087.png 768w, https:\/\/certifit.eu\/wp-content\/uploads\/2026\/01\/Bildschirmfoto-2026-01-26-um-13.52.17-1085x1536.png 1085w, https:\/\/certifit.eu\/wp-content\/uploads\/2026\/01\/Bildschirmfoto-2026-01-26-um-13.52.17.png 1218w\" sizes=\"auto, (max-width: 500px) 100vw, 500px\" \/> <img loading=\"lazy\" decoding=\"async\" class=\"alignnone wp-image-402\" src=\"http:\/\/certifit.eu\/wp-content\/uploads\/2026\/01\/WhatsApp-Image-2026-01-19-at-11.55.00-e1769432209205-209x300.jpeg\" alt=\"\" width=\"500\" height=\"718\" srcset=\"https:\/\/certifit.eu\/wp-content\/uploads\/2026\/01\/WhatsApp-Image-2026-01-19-at-11.55.00-e1769432209205-209x300.jpeg 209w, https:\/\/certifit.eu\/wp-content\/uploads\/2026\/01\/WhatsApp-Image-2026-01-19-at-11.55.00-e1769432209205-713x1024.jpeg 713w, https:\/\/certifit.eu\/wp-content\/uploads\/2026\/01\/WhatsApp-Image-2026-01-19-at-11.55.00-e1769432209205-768x1102.jpeg 768w, https:\/\/certifit.eu\/wp-content\/uploads\/2026\/01\/WhatsApp-Image-2026-01-19-at-11.55.00-e1769432209205.jpeg 843w\" sizes=\"auto, (max-width: 500px) 100vw, 500px\" \/><\/p>\n<p data-start=\"1974\" data-end=\"1995\"><div class=\"tmm tmm_certifit\"><div class=\"tmm_3_columns tmm_wrap tmm_plugin_f\"><span class=\"tmm_two_containers_tablet\"><\/span><div class=\"tmm_container\"><div class=\"tmm_member\" style=\"border-top:#2a4a19 solid 5px;\"><div class=\"tmm_photo tmm_pic_certifit_0\" style=\"background: url(http:\/\/certifit.eu\/wp-content\/uploads\/2026\/01\/Marco_Certifit_tinyjpg-e1770375677366.jpg); margin-left: auto; margin-right:auto; background-size:cover !important;\"><\/div><div class=\"tmm_textblock\"><div class=\"tmm_names\"><span class=\"tmm_fname\">Marco<\/span> <span class=\"tmm_lname\">Telfser<\/span><\/div><div class=\"tmm_job\">Gr\u00fcnder &amp; Inhaber<\/div><div class=\"tmm_scblock\"><a target=\"_blank\" class=\"tmm_sociallink\" href=\"https:\/\/www.linkedin.com\/in\/marco-telfser\/\" title=\"Linkedin\"><img decoding=\"async\" alt=\"Linkedin\" src=\"https:\/\/certifit.eu\/wp-content\/plugins\/team-members\/inc\/img\/links\/linkedin.png\"\/><\/a><a target=\"_blank\" class=\"tmm_sociallink\" href=\"https:\/\/marcotelfser.com\/\" title=\"Website\"><img decoding=\"async\" alt=\"Website\" src=\"https:\/\/certifit.eu\/wp-content\/plugins\/team-members\/inc\/img\/links\/website.png\"\/><\/a><a class=\"tmm_sociallink\" href=\"tel:+393458430811\" title=\"Telefonnummer\"><img decoding=\"async\" alt=\"Telefonnummer\" src=\"https:\/\/certifit.eu\/wp-content\/plugins\/team-members\/inc\/img\/links\/phone.png\"\/><\/a><\/div><\/div><\/div><div class=\"tmm_member\" style=\"border-top:#2a4a19 solid 5px;\"><div class=\"tmm_photo tmm_pic_certifit_1\" style=\"background: url(http:\/\/certifit.eu\/wp-content\/uploads\/2026\/04\/ChatGPT-Image-6.-Feb.-2026-12_10_17.png); margin-left: auto; margin-right:auto; background-size:cover !important;\"><\/div><div class=\"tmm_textblock\"><div class=\"tmm_names\"><span class=\"tmm_fname\">Stefan<\/span> <span class=\"tmm_lname\">Tumler<\/span><\/div><div class=\"tmm_job\">Mitgr\u00fcnder<\/div><div class=\"tmm_scblock\"><a class=\"tmm_sociallink\" href=\"tel:+393288740017\" title=\"Telefonnummer\"><img decoding=\"async\" alt=\"Telefonnummer\" src=\"https:\/\/certifit.eu\/wp-content\/plugins\/team-members\/inc\/img\/links\/phone.png\"\/><\/a><a target=\"_blank\" class=\"tmm_sociallink\" href=\"https:\/\/www.linkedin.com\/in\/stefan-tumler\/?originalSubdomain=it\" title=\"Linkedin\"><img decoding=\"async\" alt=\"Linkedin\" src=\"https:\/\/certifit.eu\/wp-content\/plugins\/team-members\/inc\/img\/links\/linkedin.png\"\/><\/a><\/div><\/div><\/div><span class=\"tmm_two_containers_tablet\"><\/span><div class=\"tmm_member\" style=\"border-top:#2a4a19 solid 5px;\"><div class=\"tmm_textblock\"><div class=\"tmm_names\"><span class=\"tmm_fname\">Nadine<\/span> <span class=\"tmm_lname\">Telfser<\/span><\/div><div class=\"tmm_job\">Project Management<\/div><div class=\"tmm_scblock\"><a class=\"tmm_sociallink\" href=\"tel:3408579209\" title=\"Telefonnummer\"><img decoding=\"async\" alt=\"Telefonnummer\" src=\"https:\/\/certifit.eu\/wp-content\/plugins\/team-members\/inc\/img\/links\/phone.png\"\/><\/a><\/div><\/div><\/div><div style=\"clear:both;\"><\/div><\/div><\/div><\/div><\/p>\n<hr data-start=\"1997\" data-end=\"2000\">\n<h3 data-start=\"2002\" data-end=\"2062\">Stefan \u2013 accompagnamento alla certificazione e strategia<\/h3>\n<p data-start=\"2064\" data-end=\"2302\"><strong data-start=\"2064\" data-end=\"2074\">Stefan<\/strong> affianca Certifit come secondo referente nell\u2019ambito delle certificazioni di sostenibilit\u00e0. Anche lui ha completato il corso internazionale di sostenibilit\u00e0 <em data-start=\"2232\" data-end=\"2238\">GSTC<\/em> e porta con s\u00e9 un\u2019esperienza pluriennale nel settore marketing.<\/p>\n<p data-start=\"2304\" data-end=\"2735\">Il suo interesse principale riguarda strutture alberghiere, processi operativi e modelli di sviluppo sostenibile. Stefan segue da vicino i movimenti e le evoluzioni della sostenibilit\u00e0 nel turismo e integra questa prospettiva nella consulenza strategica. Con il suo impegno e il suo approccio analitico, aiuta gli hotel a non limitarsi alla documentazione, ma a integrare la sostenibilit\u00e0 in modo sensato e concreto nella gestione.<\/p>\n<p data-start=\"2737\" data-end=\"2756\"><div class=\"tmm tmm_stefan\"><div class=\"tmm_3_columns tmm_wrap tmm_plugin_f\"><span class=\"tmm_two_containers_tablet\"><\/span><div class=\"tmm_container\"><div class=\"tmm_member\" style=\"border-top:#aac931 solid 5px;\"><div class=\"tmm_photo tmm_pic_stefan_0\" style=\"background: url(http:\/\/certifit.eu\/wp-content\/uploads\/2026\/04\/ChatGPT-Image-6.-Feb.-2026-12_10_17.png); margin-left: auto; margin-right:auto; background-size:cover !important;\"><\/div><div class=\"tmm_textblock\"><div class=\"tmm_names\"><span class=\"tmm_fname\">Stefan<\/span> <span class=\"tmm_lname\">Tumler<\/span><\/div><div class=\"tmm_job\">Mitgr\u00fcnder<\/div><div class=\"tmm_scblock\"><a class=\"tmm_sociallink\" href=\"tel:+393288740017\" title=\"Telefonnummer\"><img decoding=\"async\" alt=\"Telefonnummer\" src=\"https:\/\/certifit.eu\/wp-content\/plugins\/team-members\/inc\/img\/links\/phone.png\"\/><\/a><a target=\"_blank\" class=\"tmm_sociallink\" href=\"https:\/\/www.linkedin.com\/in\/stefan-tumler\/?originalSubdomain=it\" title=\"Linkedin\"><img decoding=\"async\" alt=\"Linkedin\" src=\"https:\/\/certifit.eu\/wp-content\/plugins\/team-members\/inc\/img\/links\/linkedin.png\"\/><\/a><\/div><\/div><\/div><div style=\"clear:both;\"><\/div><\/div><\/div><\/div><\/p>\n<hr data-start=\"2758\" data-end=\"2761\">\n<h3 data-start=\"2763\" data-end=\"2784\">Il nostro impegno<\/h3>\n<p data-start=\"2786\" data-end=\"3036\">Non siamo un ente di certificazione, ma una guida e un partner.<br data-start=\"2849\" data-end=\"2852\">Il nostro obiettivo \u00e8 accompagnare gli hotel fin dal primo momento, ridurre la complessit\u00e0 e implementare la sostenibilit\u00e0 in modo strutturato \u2014 fino all\u2019ottenimento del label e oltre.<\/p>\n","protected":false},"excerpt":{"rendered":"<p>Dietro Certifit ci sono Marco e Stefan \u2013 due esperti con un obiettivo comune: accompagnare gli hotel in modo pratico e strutturato nel percorso verso la certificazione di sostenibilit\u00e0. Certifit nasce dall\u2019esperienza che, nella quotidianit\u00e0 alberghiera, la sostenibilit\u00e0 spesso fallisce per mancanza di tempo, risorse e di una struttura chiara. \u00c8 proprio qui che interveniamo: [&hellip;]<\/p>\n","protected":false},"author":1,"featured_media":0,"parent":0,"menu_order":0,"comment_status":"closed","ping_status":"closed","template":"","meta":{"ngg_post_thumbnail":0,"footnotes":""},"class_list":["post-65","page","type-page","status-publish","hentry"],"translation":{"provider":"WPGlobus","version":"3.0.2","language":"it","enabled_languages":["de","en","it"],"languages":{"de":{"title":true,"content":true,"excerpt":false},"en":{"title":true,"content":true,"excerpt":false},"it":{"title":true,"content":true,"excerpt":false}}},"yoast_head":"<!-- This site is optimized with the Yoast SEO plugin v27.4 - https:\/\/yoast.com\/product\/yoast-seo-wordpress\/ -->\n<title>Chi siamo - CERTIFIT<\/title>\n<meta name=\"robots\" content=\"index, follow, max-snippet:-1, max-image-preview:large, max-video-preview:-1\" \/>\n<link rel=\"canonical\" href=\"https:\/\/certifit.eu\/ueber-uns\/\" \/>\n<meta property=\"og:locale\" content=\"it_IT\" \/>\n<meta property=\"og:type\" content=\"article\" \/>\n<meta property=\"og:title\" content=\"Chi siamo - CERTIFIT\" \/>\n<meta property=\"og:url\" content=\"https:\/\/certifit.eu\/ueber-uns\/\" \/>\n<meta property=\"og:site_name\" content=\"CERTIFIT\" \/>\n<meta property=\"article:modified_time\" content=\"2026-04-27T14:19:18+00:00\" \/>\n<meta property=\"og:image\" content=\"http:\/\/certifit.eu\/wp-content\/uploads\/2026\/01\/Bildschirmfoto-2026-01-26-um-13.52.17-723x1024.png\" \/>\n<meta name=\"twitter:card\" content=\"summary_large_image\" \/>\n<meta name=\"twitter:label1\" content=\"Tempo di lettura stimato\" \/>\n\t<meta name=\"twitter:data1\" content=\"2 minuti\" \/>\n<script type=\"application\/ld+json\" class=\"yoast-schema-graph\">{\"@context\":\"https:\\\/\\\/schema.org\",\"@graph\":[{\"@type\":\"WebPage\",\"@id\":\"https:\\\/\\\/certifit.eu\\\/ueber-uns\\\/\",\"url\":\"https:\\\/\\\/certifit.eu\\\/ueber-uns\\\/\",\"name\":\"Chi siamo - CERTIFIT\",\"isPartOf\":{\"@id\":\"https:\\\/\\\/certifit.eu\\\/en\\\/#website\"},\"primaryImageOfPage\":{\"@id\":\"https:\\\/\\\/certifit.eu\\\/ueber-uns\\\/#primaryimage\"},\"image\":{\"@id\":\"https:\\\/\\\/certifit.eu\\\/ueber-uns\\\/#primaryimage\"},\"thumbnailUrl\":\"http:\\\/\\\/certifit.eu\\\/wp-content\\\/uploads\\\/2026\\\/01\\\/Bildschirmfoto-2026-01-26-um-13.52.17-723x1024.png\",\"datePublished\":\"2026-01-13T15:33:00+00:00\",\"dateModified\":\"2026-04-27T14:19:18+00:00\",\"breadcrumb\":{\"@id\":\"https:\\\/\\\/certifit.eu\\\/ueber-uns\\\/#breadcrumb\"},\"inLanguage\":\"it-IT\",\"potentialAction\":[{\"@type\":\"ReadAction\",\"target\":[\"https:\\\/\\\/certifit.eu\\\/ueber-uns\\\/\"]}]},{\"@type\":\"ImageObject\",\"inLanguage\":\"it-IT\",\"@id\":\"https:\\\/\\\/certifit.eu\\\/ueber-uns\\\/#primaryimage\",\"url\":\"http:\\\/\\\/certifit.eu\\\/wp-content\\\/uploads\\\/2026\\\/01\\\/Bildschirmfoto-2026-01-26-um-13.52.17-723x1024.png\",\"contentUrl\":\"http:\\\/\\\/certifit.eu\\\/wp-content\\\/uploads\\\/2026\\\/01\\\/Bildschirmfoto-2026-01-26-um-13.52.17-723x1024.png\"},{\"@type\":\"BreadcrumbList\",\"@id\":\"https:\\\/\\\/certifit.eu\\\/ueber-uns\\\/#breadcrumb\",\"itemListElement\":[{\"@type\":\"ListItem\",\"position\":1,\"name\":\"Startseite\",\"item\":\"https:\\\/\\\/certifit.eu\\\/en\\\/\"},{\"@type\":\"ListItem\",\"position\":2,\"name\":\"\u00dcber uns\"}]},{\"@type\":\"WebSite\",\"@id\":\"https:\\\/\\\/certifit.eu\\\/en\\\/#website\",\"url\":\"https:\\\/\\\/certifit.eu\\\/en\\\/\",\"name\":\"CERTIFIT\",\"description\":\"Assistenza personalizzata per il certificato di sostenibilit\u00e0 \",\"publisher\":{\"@id\":\"https:\\\/\\\/certifit.eu\\\/en\\\/#organization\"},\"potentialAction\":[{\"@type\":\"SearchAction\",\"target\":{\"@type\":\"EntryPoint\",\"urlTemplate\":\"https:\\\/\\\/certifit.eu\\\/en\\\/?s={search_term_string}\"},\"query-input\":{\"@type\":\"PropertyValueSpecification\",\"valueRequired\":true,\"valueName\":\"search_term_string\"}}],\"inLanguage\":\"it-IT\"},{\"@type\":\"Organization\",\"@id\":\"https:\\\/\\\/certifit.eu\\\/en\\\/#organization\",\"name\":\"CERTIFIT\",\"url\":\"https:\\\/\\\/certifit.eu\\\/en\\\/\",\"logo\":{\"@type\":\"ImageObject\",\"inLanguage\":\"it-IT\",\"@id\":\"https:\\\/\\\/certifit.eu\\\/en\\\/#\\\/schema\\\/logo\\\/image\\\/\",\"url\":\"https:\\\/\\\/certifit.eu\\\/wp-content\\\/uploads\\\/2026\\\/01\\\/Logito_Queer-scaled.png\",\"contentUrl\":\"https:\\\/\\\/certifit.eu\\\/wp-content\\\/uploads\\\/2026\\\/01\\\/Logito_Queer-scaled.png\",\"width\":2560,\"height\":966,\"caption\":\"CERTIFIT\"},\"image\":{\"@id\":\"https:\\\/\\\/certifit.eu\\\/en\\\/#\\\/schema\\\/logo\\\/image\\\/\"}}]}<\/script>\n<!-- \/ Yoast SEO plugin. -->","yoast_head_json":{"title":"Chi siamo - CERTIFIT","robots":{"index":"index","follow":"follow","max-snippet":"max-snippet:-1","max-image-preview":"max-image-preview:large","max-video-preview":"max-video-preview:-1"},"canonical":"https:\/\/certifit.eu\/ueber-uns\/","og_locale":"it_IT","og_type":"article","og_title":"Chi siamo - CERTIFIT","og_url":"https:\/\/certifit.eu\/ueber-uns\/","og_site_name":"CERTIFIT","article_modified_time":"2026-04-27T14:19:18+00:00","og_image":[{"url":"http:\/\/certifit.eu\/wp-content\/uploads\/2026\/01\/Bildschirmfoto-2026-01-26-um-13.52.17-723x1024.png","type":"","width":"","height":""}],"twitter_card":"summary_large_image","twitter_misc":{"Tempo di lettura stimato":"2 minuti"},"schema":{"@context":"https:\/\/schema.org","@graph":[{"@type":"WebPage","@id":"https:\/\/certifit.eu\/ueber-uns\/","url":"https:\/\/certifit.eu\/ueber-uns\/","name":"Chi siamo - CERTIFIT","isPartOf":{"@id":"https:\/\/certifit.eu\/en\/#website"},"primaryImageOfPage":{"@id":"https:\/\/certifit.eu\/ueber-uns\/#primaryimage"},"image":{"@id":"https:\/\/certifit.eu\/ueber-uns\/#primaryimage"},"thumbnailUrl":"http:\/\/certifit.eu\/wp-content\/uploads\/2026\/01\/Bildschirmfoto-2026-01-26-um-13.52.17-723x1024.png","datePublished":"2026-01-13T15:33:00+00:00","dateModified":"2026-04-27T14:19:18+00:00","breadcrumb":{"@id":"https:\/\/certifit.eu\/ueber-uns\/#breadcrumb"},"inLanguage":"it-IT","potentialAction":[{"@type":"ReadAction","target":["https:\/\/certifit.eu\/ueber-uns\/"]}]},{"@type":"ImageObject","inLanguage":"it-IT","@id":"https:\/\/certifit.eu\/ueber-uns\/#primaryimage","url":"http:\/\/certifit.eu\/wp-content\/uploads\/2026\/01\/Bildschirmfoto-2026-01-26-um-13.52.17-723x1024.png","contentUrl":"http:\/\/certifit.eu\/wp-content\/uploads\/2026\/01\/Bildschirmfoto-2026-01-26-um-13.52.17-723x1024.png"},{"@type":"BreadcrumbList","@id":"https:\/\/certifit.eu\/ueber-uns\/#breadcrumb","itemListElement":[{"@type":"ListItem","position":1,"name":"Startseite","item":"https:\/\/certifit.eu\/en\/"},{"@type":"ListItem","position":2,"name":"\u00dcber uns"}]},{"@type":"WebSite","@id":"https:\/\/certifit.eu\/en\/#website","url":"https:\/\/certifit.eu\/en\/","name":"CERTIFIT","description":"Assistenza personalizzata per il certificato di sostenibilit\u00e0 ","publisher":{"@id":"https:\/\/certifit.eu\/en\/#organization"},"potentialAction":[{"@type":"SearchAction","target":{"@type":"EntryPoint","urlTemplate":"https:\/\/certifit.eu\/en\/?s={search_term_string}"},"query-input":{"@type":"PropertyValueSpecification","valueRequired":true,"valueName":"search_term_string"}}],"inLanguage":"it-IT"},{"@type":"Organization","@id":"https:\/\/certifit.eu\/en\/#organization","name":"CERTIFIT","url":"https:\/\/certifit.eu\/en\/","logo":{"@type":"ImageObject","inLanguage":"it-IT","@id":"https:\/\/certifit.eu\/en\/#\/schema\/logo\/image\/","url":"https:\/\/certifit.eu\/wp-content\/uploads\/2026\/01\/Logito_Queer-scaled.png","contentUrl":"https:\/\/certifit.eu\/wp-content\/uploads\/2026\/01\/Logito_Queer-scaled.png","width":2560,"height":966,"caption":"CERTIFIT"},"image":{"@id":"https:\/\/certifit.eu\/en\/#\/schema\/logo\/image\/"}}]}},"_links":{"self":[{"href":"https:\/\/certifit.eu\/it\/wp-json\/wp\/v2\/pages\/65","targetHints":{"allow":["GET"]}}],"collection":[{"href":"https:\/\/certifit.eu\/it\/wp-json\/wp\/v2\/pages"}],"about":[{"href":"https:\/\/certifit.eu\/it\/wp-json\/wp\/v2\/types\/page"}],"author":[{"embeddable":true,"href":"https:\/\/certifit.eu\/it\/wp-json\/wp\/v2\/users\/1"}],"replies":[{"embeddable":true,"href":"https:\/\/certifit.eu\/it\/wp-json\/wp\/v2\/comments?post=65"}],"version-history":[{"count":37,"href":"https:\/\/certifit.eu\/it\/wp-json\/wp\/v2\/pages\/65\/revisions"}],"predecessor-version":[{"id":635,"href":"https:\/\/certifit.eu\/it\/wp-json\/wp\/v2\/pages\/65\/revisions\/635"}],"wp:attachment":[{"href":"https:\/\/certifit.eu\/it\/wp-json\/wp\/v2\/media?parent=65"}],"curies":[{"name":"wp","href":"https:\/\/api.w.org\/{rel}","templated":true}]}}